{"id":59,"date":"2015-09-09T16:42:51","date_gmt":"2015-09-09T16:42:51","guid":{"rendered":"http:\/\/guinet-osteopathe.fr\/?page_id=59"},"modified":"2015-09-12T13:53:10","modified_gmt":"2015-09-12T13:53:10","slug":"deroulement-dune-consultation","status":"publish","type":"page","link":"http:\/\/guinet-osteopathe.fr\/index.php\/deroulement-dune-consultation\/","title":{"rendered":"D\u00e9roulement d&#8217;une consultation"},"content":{"rendered":"<p>Dur\u00e9e moyenne d&#8217;une consultation: 45 minutes<\/p>\n<p>1) Discussion sur votre motif de consultation et sur votre \u00e9tat de sant\u00e9 actuel et pass\u00e9 avec examen des bilans radiologiques et biologiques si n\u00e9cessaire.<br \/>\nEn cas de diagnostic d&#8217;exclusion, r\u00e9orientation vers un autre praticien de sant\u00e9.<\/p>\n<p>2) Recherche, par des tests palpatoires sp\u00e9cifiques, des zones du corps pr\u00e9sentant des restrictions de mobilit\u00e9 tissulaire susceptibles d&#8217;alt\u00e9rer l&#8217;\u00e9tat de sant\u00e9.<\/p>\n<p>3) Diagnostic.<\/p>\n<p>4) Harmonisation des structures perturb\u00e9es dans leur mobilit\u00e9 faisant appel \u00e0 diff\u00e9rentes techniques suivant les cas :<br \/>\n&#8211;\u00a0techniques fonctionnelles : techniques douces allant dans le sens du rel\u00e2chement des tissus de la r\u00e9gion \u00e0 traiter.<br \/>\n&#8211;\u00a0techniques structurelles : techniques de faible amplitude et de haute v\u00e9locit\u00e9 respectant les limites physiologiques du patient.<br \/>\n&#8211;\u00a0techniques myotensives :\u00a0techniques de positionnement utilisant le &#8220;contracter &#8211; rel\u00e2cher&#8221; et qui demandent une participation active du patient.<\/p>\n<p>Le geste ost\u00e9opathique est doux et indolore. Le traitement se fait aux niveaux cr\u00e2nien, visc\u00e9ral et\/ou articulaire selon le diagnostic.<br \/>\nL&#8217;ost\u00e9opathie s&#8217;adapte \u00e0 chaque patient en fonction de son \u00e2ge, son sexe, ses ant\u00e9c\u00e9dents et de ses motifs de consultation. Il n&#8217;existe donc pas deux consultations identiques.<\/p>\n","protected":false},"excerpt":{"rendered":"<p>Dur\u00e9e moyenne d&#8217;une consultation: 45 minutes 1) Discussion sur votre motif de consultation et sur votre \u00e9tat de sant\u00e9 actuel et pass\u00e9 avec examen des bilans radiologiques et biologiques si n\u00e9cessaire. En cas de diagnostic d&#8217;exclusion, r\u00e9orientation vers un autre praticien de sant\u00e9. 2) Recherche, par des tests palpatoires sp\u00e9cifiques, des zones du corps pr\u00e9sentant [&hellip;]<\/p>\n","protected":false},"author":1,"featured_media":0,"parent":0,"menu_order":0,"comment_status":"closed","ping_status":"closed","template":"templates\/template-full.php","meta":[],"yoast_head":"<!-- This site is optimized with the Yoast SEO plugin v19.8 - https:\/\/yoast.com\/wordpress\/plugins\/seo\/ -->\n<title>D\u00e9roulement d&#039;une consultation - Caroline Guinet<\/title>\n<meta name=\"robots\" content=\"index, follow, max-snippet:-1, max-image-preview:large, max-video-preview:-1\" \/>\n<link rel=\"canonical\" href=\"http:\/\/guinet-osteopathe.fr\/index.php\/deroulement-dune-consultation\/\" \/>\n<meta property=\"og:locale\" content=\"en_US\" \/>\n<meta property=\"og:type\" content=\"article\" \/>\n<meta property=\"og:title\" content=\"D\u00e9roulement d&#039;une consultation - Caroline Guinet\" \/>\n<meta property=\"og:description\" content=\"Dur\u00e9e moyenne d&#8217;une consultation: 45 minutes 1) Discussion sur votre motif de consultation et sur votre \u00e9tat de sant\u00e9 actuel et pass\u00e9 avec examen des bilans radiologiques et biologiques si n\u00e9cessaire. En cas de diagnostic d&#8217;exclusion, r\u00e9orientation vers un autre praticien de sant\u00e9. 2) Recherche, par des tests palpatoires sp\u00e9cifiques, des zones du corps pr\u00e9sentant [&hellip;]\" \/>\n<meta property=\"og:url\" content=\"http:\/\/guinet-osteopathe.fr\/index.php\/deroulement-dune-consultation\/\" \/>\n<meta property=\"og:site_name\" content=\"Caroline Guinet\" \/>\n<meta property=\"article:modified_time\" content=\"2015-09-12T13:53:10+00:00\" \/>\n<meta name=\"twitter:card\" content=\"summary_large_image\" \/>\n<meta name=\"twitter:label1\" content=\"Est. reading time\" \/>\n\t<meta name=\"twitter:data1\" content=\"1 minute\" \/>\n<script type=\"application\/ld+json\" class=\"yoast-schema-graph\">{\"@context\":\"https:\/\/schema.org\",\"@graph\":[{\"@type\":\"WebPage\",\"@id\":\"http:\/\/guinet-osteopathe.fr\/index.php\/deroulement-dune-consultation\/\",\"url\":\"http:\/\/guinet-osteopathe.fr\/index.php\/deroulement-dune-consultation\/\",\"name\":\"D\u00e9roulement d'une consultation - Caroline Guinet\",\"isPartOf\":{\"@id\":\"https:\/\/guinet-osteopathe.fr\/#website\"},\"datePublished\":\"2015-09-09T16:42:51+00:00\",\"dateModified\":\"2015-09-12T13:53:10+00:00\",\"breadcrumb\":{\"@id\":\"http:\/\/guinet-osteopathe.fr\/index.php\/deroulement-dune-consultation\/#breadcrumb\"},\"inLanguage\":\"en-US\",\"potentialAction\":[{\"@type\":\"ReadAction\",\"target\":[\"http:\/\/guinet-osteopathe.fr\/index.php\/deroulement-dune-consultation\/\"]}]},{\"@type\":\"BreadcrumbList\",\"@id\":\"http:\/\/guinet-osteopathe.fr\/index.php\/deroulement-dune-consultation\/#breadcrumb\",\"itemListElement\":[{\"@type\":\"ListItem\",\"position\":1,\"name\":\"Accueil\",\"item\":\"https:\/\/guinet-osteopathe.fr\/\"},{\"@type\":\"ListItem\",\"position\":2,\"name\":\"D\u00e9roulement d&#8217;une consultation\"}]},{\"@type\":\"WebSite\",\"@id\":\"https:\/\/guinet-osteopathe.fr\/#website\",\"url\":\"https:\/\/guinet-osteopathe.fr\/\",\"name\":\"Caroline Guinet\",\"description\":\"Cabinet d&#039;Ost&eacute;opathie\",\"potentialAction\":[{\"@type\":\"SearchAction\",\"target\":{\"@type\":\"EntryPoint\",\"urlTemplate\":\"https:\/\/guinet-osteopathe.fr\/?s={search_term_string}\"},\"query-input\":\"required name=search_term_string\"}],\"inLanguage\":\"en-US\"}]}<\/script>\n<!-- \/ Yoast SEO plugin. -->","yoast_head_json":{"title":"D\u00e9roulement d'une consultation - Caroline Guinet","robots":{"index":"index","follow":"follow","max-snippet":"max-snippet:-1","max-image-preview":"max-image-preview:large","max-video-preview":"max-video-preview:-1"},"canonical":"http:\/\/guinet-osteopathe.fr\/index.php\/deroulement-dune-consultation\/","og_locale":"en_US","og_type":"article","og_title":"D\u00e9roulement d'une consultation - Caroline Guinet","og_description":"Dur\u00e9e moyenne d&#8217;une consultation: 45 minutes 1) Discussion sur votre motif de consultation et sur votre \u00e9tat de sant\u00e9 actuel et pass\u00e9 avec examen des bilans radiologiques et biologiques si n\u00e9cessaire. En cas de diagnostic d&#8217;exclusion, r\u00e9orientation vers un autre praticien de sant\u00e9. 2) Recherche, par des tests palpatoires sp\u00e9cifiques, des zones du corps pr\u00e9sentant [&hellip;]","og_url":"http:\/\/guinet-osteopathe.fr\/index.php\/deroulement-dune-consultation\/","og_site_name":"Caroline Guinet","article_modified_time":"2015-09-12T13:53:10+00:00","twitter_card":"summary_large_image","twitter_misc":{"Est. reading time":"1 minute"},"schema":{"@context":"https:\/\/schema.org","@graph":[{"@type":"WebPage","@id":"http:\/\/guinet-osteopathe.fr\/index.php\/deroulement-dune-consultation\/","url":"http:\/\/guinet-osteopathe.fr\/index.php\/deroulement-dune-consultation\/","name":"D\u00e9roulement d'une consultation - Caroline Guinet","isPartOf":{"@id":"https:\/\/guinet-osteopathe.fr\/#website"},"datePublished":"2015-09-09T16:42:51+00:00","dateModified":"2015-09-12T13:53:10+00:00","breadcrumb":{"@id":"http:\/\/guinet-osteopathe.fr\/index.php\/deroulement-dune-consultation\/#breadcrumb"},"inLanguage":"en-US","potentialAction":[{"@type":"ReadAction","target":["http:\/\/guinet-osteopathe.fr\/index.php\/deroulement-dune-consultation\/"]}]},{"@type":"BreadcrumbList","@id":"http:\/\/guinet-osteopathe.fr\/index.php\/deroulement-dune-consultation\/#breadcrumb","itemListElement":[{"@type":"ListItem","position":1,"name":"Accueil","item":"https:\/\/guinet-osteopathe.fr\/"},{"@type":"ListItem","position":2,"name":"D\u00e9roulement d&#8217;une consultation"}]},{"@type":"WebSite","@id":"https:\/\/guinet-osteopathe.fr\/#website","url":"https:\/\/guinet-osteopathe.fr\/","name":"Caroline Guinet","description":"Cabinet d&#039;Ost&eacute;opathie","potentialAction":[{"@type":"SearchAction","target":{"@type":"EntryPoint","urlTemplate":"https:\/\/guinet-osteopathe.fr\/?s={search_term_string}"},"query-input":"required name=search_term_string"}],"inLanguage":"en-US"}]}},"_links":{"self":[{"href":"http:\/\/guinet-osteopathe.fr\/index.php\/wp-json\/wp\/v2\/pages\/59"}],"collection":[{"href":"http:\/\/guinet-osteopathe.fr\/index.php\/wp-json\/wp\/v2\/pages"}],"about":[{"href":"http:\/\/guinet-osteopathe.fr\/index.php\/wp-json\/wp\/v2\/types\/page"}],"author":[{"embeddable":true,"href":"http:\/\/guinet-osteopathe.fr\/index.php\/wp-json\/wp\/v2\/users\/1"}],"replies":[{"embeddable":true,"href":"http:\/\/guinet-osteopathe.fr\/index.php\/wp-json\/wp\/v2\/comments?post=59"}],"version-history":[{"count":4,"href":"http:\/\/guinet-osteopathe.fr\/index.php\/wp-json\/wp\/v2\/pages\/59\/revisions"}],"predecessor-version":[{"id":134,"href":"http:\/\/guinet-osteopathe.fr\/index.php\/wp-json\/wp\/v2\/pages\/59\/revisions\/134"}],"wp:attachment":[{"href":"http:\/\/guinet-osteopathe.fr\/index.php\/wp-json\/wp\/v2\/media?parent=59"}],"curies":[{"name":"wp","href":"https:\/\/api.w.org\/{rel}","templated":true}]}}