{"id":85,"date":"2015-09-09T20:55:37","date_gmt":"2015-09-09T20:55:37","guid":{"rendered":"http:\/\/guinet-osteopathe.fr\/?page_id=85"},"modified":"2015-09-28T14:04:00","modified_gmt":"2015-09-28T14:04:00","slug":"adulte","status":"publish","type":"page","link":"http:\/\/guinet-osteopathe.fr\/index.php\/adulte\/","title":{"rendered":"Adulte"},"content":{"rendered":"<div id=\"pl-85\"  class=\"panel-layout\" ><div id=\"pg-85-0\"  class=\"panel-grid panel-no-style\" ><div id=\"pgc-85-0-0\"  class=\"panel-grid-cell\" ><div id=\"panel-85-0-0-0\" class=\"so-panel widget widget_sow-editor panel-first-child panel-last-child\" data-index=\"0\" ><div\n\t\t\t\n\t\t\tclass=\"so-widget-sow-editor so-widget-sow-editor-base\"\n\t\t\t\n\t\t><h3 class=\"widget-title\">Quand consulter ?<\/h3>\n<div class=\"siteorigin-widget-tinymce textwidget\">\n\t<p><strong>Au travail<\/strong> :\u00a0<\/p>\n<p>- Suite \u00e0 des mauvaises positions et \u00e0 des mouvements r\u00e9p\u00e9titifs.<br \/> - Quand vous \u00eates stress\u00e9 ou fatigu\u00e9.<\/p>\n<p> <strong>Interventions chirurgicales<\/strong> :<\/p>\n<p>- Suite \u00e0 des douleurs apr\u00e8s une intervention chirurgicale ( ex : douleur lombaire apr\u00e8s une op\u00e9ration sur le bassin).<br \/> - Suite \u00e0 une chirurgie et \u00e0 un changement de posture (ex : ablation du sein).<br \/> - Suite \u00e0 des douleurs apr\u00e8s un geste op\u00e9ratoire ou une mauvaise posture sur la table d'op\u00e9ration.<\/p>\n<p> <strong>Traumatismes<\/strong> :<\/p>\n<p>- Suite \u00e0 une entorses mal soign\u00e9e , \u00e0 des douleurs chroniques, \u00e0 des fractures avec s\u00e9quelles...<br \/> - Suites \u00e0 un accident.<br \/> - Suite \u00e0 des\u00a0douleurs articulaires ou musculaires.<\/p>\n<p> <strong>Activit\u00e9s sportives<\/strong> :<\/p>\n<p>- En pr\u00e9vention : suite \u00e0 une reprise d'activit\u00e9 sportive ou une modification du rythme, \u00e0 une prise de poids et \u00e0 des douleurs chroniques.<br \/> - En suivi.<\/p>\n<p> <strong>Troubles digestifs<\/strong> :<\/p>\n<p>- Suite \u00e0 des troubles digestifs en lien avec des douleurs lombaires.<br \/> - Suite \u00e0 des troubles digestifs li\u00e9s aux\u00a0restrictions de mobilit\u00e9 suite \u00e0 des s\u00e9quelles dues \u00e0 un accident, \u00e0 une op\u00e9ration chirurgicale ou \u00e0 une maladie.<br \/> - Suite \u00e0 des constipations et\/ou des ballonnements.<\/p>\n<p> <strong>Colonne vert\u00e9brale<\/strong> :<\/p>\n<p>- Suite \u00e0 des tassements vert\u00e9braux.<br \/> - Suite \u00e0 une scoliose, cyphose ou lordose.<\/p>\n<p> <span style=\"color: #0000ff;\">La radiographie, quel que soit le diagnostic, permettra d'analyser une image et une structure anatomique \u00e0 un instant \"T\".<\/span><\/p>\n<\/div>\n<\/div><\/div><\/div><\/div><\/div>","protected":false},"excerpt":{"rendered":"<p>Au travail :\u00a0&#8211; Suite \u00e0 des mauvaises positions et \u00e0 des mouvements r\u00e9p\u00e9titifs. &#8211; Quand vous \u00eates stress\u00e9 ou fatigu\u00e9. Interventions chirurgicales :- Suite \u00e0 des douleurs apr\u00e8s une intervention chirurgicale ( ex : douleur lombaire apr\u00e8s une op\u00e9ration sur le bassin). &#8211; Suite \u00e0 une chirurgie et \u00e0 un changement de posture (ex : [&hellip;]<\/p>\n","protected":false},"author":1,"featured_media":0,"parent":0,"menu_order":0,"comment_status":"closed","ping_status":"closed","template":"templates\/template-full.php","meta":[],"yoast_head":"<!-- This site is optimized with the Yoast SEO plugin v19.8 - https:\/\/yoast.com\/wordpress\/plugins\/seo\/ -->\n<title>Adulte - Caroline Guinet<\/title>\n<meta name=\"robots\" content=\"index, follow, max-snippet:-1, max-image-preview:large, max-video-preview:-1\" \/>\n<link rel=\"canonical\" href=\"http:\/\/guinet-osteopathe.fr\/index.php\/adulte\/\" \/>\n<meta property=\"og:locale\" content=\"en_US\" \/>\n<meta property=\"og:type\" content=\"article\" \/>\n<meta property=\"og:title\" content=\"Adulte - Caroline Guinet\" \/>\n<meta property=\"og:description\" content=\"Au travail :\u00a0- Suite \u00e0 des mauvaises positions et \u00e0 des mouvements r\u00e9p\u00e9titifs. - Quand vous \u00eates stress\u00e9 ou fatigu\u00e9. Interventions chirurgicales :- Suite \u00e0 des douleurs apr\u00e8s une intervention chirurgicale ( ex : douleur lombaire apr\u00e8s une op\u00e9ration sur le bassin). - Suite \u00e0 une chirurgie et \u00e0 un changement de posture (ex : [&hellip;]\" \/>\n<meta property=\"og:url\" content=\"http:\/\/guinet-osteopathe.fr\/index.php\/adulte\/\" \/>\n<meta property=\"og:site_name\" content=\"Caroline Guinet\" \/>\n<meta property=\"article:modified_time\" content=\"2015-09-28T14:04:00+00:00\" \/>\n<meta name=\"twitter:card\" content=\"summary_large_image\" \/>\n<meta name=\"twitter:label1\" content=\"Est. reading time\" \/>\n\t<meta name=\"twitter:data1\" content=\"1 minute\" \/>\n<script type=\"application\/ld+json\" class=\"yoast-schema-graph\">{\"@context\":\"https:\/\/schema.org\",\"@graph\":[{\"@type\":\"WebPage\",\"@id\":\"http:\/\/guinet-osteopathe.fr\/index.php\/adulte\/\",\"url\":\"http:\/\/guinet-osteopathe.fr\/index.php\/adulte\/\",\"name\":\"Adulte - Caroline Guinet\",\"isPartOf\":{\"@id\":\"http:\/\/guinet-osteopathe.fr\/#website\"},\"datePublished\":\"2015-09-09T20:55:37+00:00\",\"dateModified\":\"2015-09-28T14:04:00+00:00\",\"breadcrumb\":{\"@id\":\"http:\/\/guinet-osteopathe.fr\/index.php\/adulte\/#breadcrumb\"},\"inLanguage\":\"en-US\",\"potentialAction\":[{\"@type\":\"ReadAction\",\"target\":[\"http:\/\/guinet-osteopathe.fr\/index.php\/adulte\/\"]}]},{\"@type\":\"BreadcrumbList\",\"@id\":\"http:\/\/guinet-osteopathe.fr\/index.php\/adulte\/#breadcrumb\",\"itemListElement\":[{\"@type\":\"ListItem\",\"position\":1,\"name\":\"Accueil\",\"item\":\"http:\/\/guinet-osteopathe.fr\/\"},{\"@type\":\"ListItem\",\"position\":2,\"name\":\"Adulte\"}]},{\"@type\":\"WebSite\",\"@id\":\"http:\/\/guinet-osteopathe.fr\/#website\",\"url\":\"http:\/\/guinet-osteopathe.fr\/\",\"name\":\"Caroline Guinet\",\"description\":\"Cabinet d&#039;Ost&eacute;opathie\",\"potentialAction\":[{\"@type\":\"SearchAction\",\"target\":{\"@type\":\"EntryPoint\",\"urlTemplate\":\"http:\/\/guinet-osteopathe.fr\/?s={search_term_string}\"},\"query-input\":\"required name=search_term_string\"}],\"inLanguage\":\"en-US\"}]}<\/script>\n<!-- \/ Yoast SEO plugin. -->","yoast_head_json":{"title":"Adulte - Caroline Guinet","robots":{"index":"index","follow":"follow","max-snippet":"max-snippet:-1","max-image-preview":"max-image-preview:large","max-video-preview":"max-video-preview:-1"},"canonical":"http:\/\/guinet-osteopathe.fr\/index.php\/adulte\/","og_locale":"en_US","og_type":"article","og_title":"Adulte - Caroline Guinet","og_description":"Au travail :\u00a0- Suite \u00e0 des mauvaises positions et \u00e0 des mouvements r\u00e9p\u00e9titifs. - Quand vous \u00eates stress\u00e9 ou fatigu\u00e9. Interventions chirurgicales :- Suite \u00e0 des douleurs apr\u00e8s une intervention chirurgicale ( ex : douleur lombaire apr\u00e8s une op\u00e9ration sur le bassin). - Suite \u00e0 une chirurgie et \u00e0 un changement de posture (ex : [&hellip;]","og_url":"http:\/\/guinet-osteopathe.fr\/index.php\/adulte\/","og_site_name":"Caroline Guinet","article_modified_time":"2015-09-28T14:04:00+00:00","twitter_card":"summary_large_image","twitter_misc":{"Est. reading time":"1 minute"},"schema":{"@context":"https:\/\/schema.org","@graph":[{"@type":"WebPage","@id":"http:\/\/guinet-osteopathe.fr\/index.php\/adulte\/","url":"http:\/\/guinet-osteopathe.fr\/index.php\/adulte\/","name":"Adulte - Caroline Guinet","isPartOf":{"@id":"http:\/\/guinet-osteopathe.fr\/#website"},"datePublished":"2015-09-09T20:55:37+00:00","dateModified":"2015-09-28T14:04:00+00:00","breadcrumb":{"@id":"http:\/\/guinet-osteopathe.fr\/index.php\/adulte\/#breadcrumb"},"inLanguage":"en-US","potentialAction":[{"@type":"ReadAction","target":["http:\/\/guinet-osteopathe.fr\/index.php\/adulte\/"]}]},{"@type":"BreadcrumbList","@id":"http:\/\/guinet-osteopathe.fr\/index.php\/adulte\/#breadcrumb","itemListElement":[{"@type":"ListItem","position":1,"name":"Accueil","item":"http:\/\/guinet-osteopathe.fr\/"},{"@type":"ListItem","position":2,"name":"Adulte"}]},{"@type":"WebSite","@id":"http:\/\/guinet-osteopathe.fr\/#website","url":"http:\/\/guinet-osteopathe.fr\/","name":"Caroline Guinet","description":"Cabinet d&#039;Ost&eacute;opathie","potentialAction":[{"@type":"SearchAction","target":{"@type":"EntryPoint","urlTemplate":"http:\/\/guinet-osteopathe.fr\/?s={search_term_string}"},"query-input":"required name=search_term_string"}],"inLanguage":"en-US"}]}},"_links":{"self":[{"href":"http:\/\/guinet-osteopathe.fr\/index.php\/wp-json\/wp\/v2\/pages\/85"}],"collection":[{"href":"http:\/\/guinet-osteopathe.fr\/index.php\/wp-json\/wp\/v2\/pages"}],"about":[{"href":"http:\/\/guinet-osteopathe.fr\/index.php\/wp-json\/wp\/v2\/types\/page"}],"author":[{"embeddable":true,"href":"http:\/\/guinet-osteopathe.fr\/index.php\/wp-json\/wp\/v2\/users\/1"}],"replies":[{"embeddable":true,"href":"http:\/\/guinet-osteopathe.fr\/index.php\/wp-json\/wp\/v2\/comments?post=85"}],"version-history":[{"count":4,"href":"http:\/\/guinet-osteopathe.fr\/index.php\/wp-json\/wp\/v2\/pages\/85\/revisions"}],"predecessor-version":[{"id":146,"href":"http:\/\/guinet-osteopathe.fr\/index.php\/wp-json\/wp\/v2\/pages\/85\/revisions\/146"}],"wp:attachment":[{"href":"http:\/\/guinet-osteopathe.fr\/index.php\/wp-json\/wp\/v2\/media?parent=85"}],"curies":[{"name":"wp","href":"https:\/\/api.w.org\/{rel}","templated":true}]}}