{"id":92,"date":"2015-09-09T21:25:24","date_gmt":"2015-09-09T21:25:24","guid":{"rendered":"http:\/\/guinet-osteopathe.fr\/?page_id=92"},"modified":"2015-09-11T12:09:53","modified_gmt":"2015-09-11T12:09:53","slug":"quest-ce-que-losteopathie","status":"publish","type":"page","link":"http:\/\/guinet-osteopathe.fr\/index.php\/quest-ce-que-losteopathie\/","title":{"rendered":"Qu&#8217;est ce que l&#8217;Ost\u00e9opathie ?"},"content":{"rendered":"<div id=\"pl-92\"  class=\"panel-layout\" ><div id=\"pg-92-0\"  class=\"panel-grid panel-no-style\" ><div id=\"pgc-92-0-0\"  class=\"panel-grid-cell\" ><div id=\"panel-92-0-0-0\" class=\"so-panel widget widget_sow-editor panel-first-child panel-last-child\" data-index=\"0\" ><div\n\t\t\t\n\t\t\tclass=\"so-widget-sow-editor so-widget-sow-editor-base\"\n\t\t\t\n\t\t>\n<div class=\"siteorigin-widget-tinymce textwidget\">\n\t<p>Toute perte de mobilit\u00e9 des articulations, des muscles, des ligaments ou des visc\u00e8res peut provoquer un d\u00e9s\u00e9quilibre de l'\u00e9tat de sant\u00e9.<\/p>\n<p> L'ost\u00e9opathie est une m\u00e9thode de soins qui s'emploie \u00e0 d\u00e9terminer et \u00e0 traiter les restrictions de mobilit\u00e9 qui peuvent affecter l'ensemble des structures composant le corps humain.<br \/> Elle est fond\u00e9e sur la capacit\u00e9 du corps \u00e0 s'auto\u00e9quilibrer et sur une connaissance approfondie de l'anatomie et du fonctionnement du corps humain.<\/p>\n<p> Elle pr\u00e9vient et soigne de nombreux troubles physiques et agit \u00e9galement sur les plans nerveux, fonctionnel et psychologique.<\/p>\n<\/div>\n<\/div><\/div><\/div><\/div><\/div>","protected":false},"excerpt":{"rendered":"<p>Toute perte de mobilit\u00e9 des articulations, des muscles, des ligaments ou des visc\u00e8res peut provoquer un d\u00e9s\u00e9quilibre de l&#8217;\u00e9tat de sant\u00e9. L&#8217;ost\u00e9opathie est une m\u00e9thode de soins qui s&#8217;emploie \u00e0 d\u00e9terminer et \u00e0 traiter les restrictions de mobilit\u00e9 qui peuvent affecter l&#8217;ensemble des structures composant le corps humain. Elle est fond\u00e9e sur la capacit\u00e9 du [&hellip;]<\/p>\n","protected":false},"author":1,"featured_media":0,"parent":0,"menu_order":0,"comment_status":"closed","ping_status":"closed","template":"templates\/template-full.php","meta":[],"yoast_head":"<!-- This site is optimized with the Yoast SEO plugin v19.8 - https:\/\/yoast.com\/wordpress\/plugins\/seo\/ -->\n<title>Qu&#039;est ce que l&#039;Ost\u00e9opathie ? - Caroline Guinet<\/title>\n<meta name=\"robots\" content=\"index, follow, max-snippet:-1, max-image-preview:large, max-video-preview:-1\" \/>\n<link rel=\"canonical\" href=\"http:\/\/guinet-osteopathe.fr\/index.php\/quest-ce-que-losteopathie\/\" \/>\n<meta property=\"og:locale\" content=\"en_US\" \/>\n<meta property=\"og:type\" content=\"article\" \/>\n<meta property=\"og:title\" content=\"Qu&#039;est ce que l&#039;Ost\u00e9opathie ? - Caroline Guinet\" \/>\n<meta property=\"og:description\" content=\"Toute perte de mobilit\u00e9 des articulations, des muscles, des ligaments ou des visc\u00e8res peut provoquer un d\u00e9s\u00e9quilibre de l&#039;\u00e9tat de sant\u00e9. L&#039;ost\u00e9opathie est une m\u00e9thode de soins qui s&#039;emploie \u00e0 d\u00e9terminer et \u00e0 traiter les restrictions de mobilit\u00e9 qui peuvent affecter l&#039;ensemble des structures composant le corps humain. Elle est fond\u00e9e sur la capacit\u00e9 du [&hellip;]\" \/>\n<meta property=\"og:url\" content=\"http:\/\/guinet-osteopathe.fr\/index.php\/quest-ce-que-losteopathie\/\" \/>\n<meta property=\"og:site_name\" content=\"Caroline Guinet\" \/>\n<meta property=\"article:modified_time\" content=\"2015-09-11T12:09:53+00:00\" \/>\n<meta name=\"twitter:card\" content=\"summary_large_image\" \/>\n<script type=\"application\/ld+json\" class=\"yoast-schema-graph\">{\"@context\":\"https:\/\/schema.org\",\"@graph\":[{\"@type\":\"WebPage\",\"@id\":\"http:\/\/guinet-osteopathe.fr\/index.php\/quest-ce-que-losteopathie\/\",\"url\":\"http:\/\/guinet-osteopathe.fr\/index.php\/quest-ce-que-losteopathie\/\",\"name\":\"Qu'est ce que l'Ost\u00e9opathie ? - Caroline Guinet\",\"isPartOf\":{\"@id\":\"https:\/\/guinet-osteopathe.fr\/#website\"},\"datePublished\":\"2015-09-09T21:25:24+00:00\",\"dateModified\":\"2015-09-11T12:09:53+00:00\",\"breadcrumb\":{\"@id\":\"http:\/\/guinet-osteopathe.fr\/index.php\/quest-ce-que-losteopathie\/#breadcrumb\"},\"inLanguage\":\"en-US\",\"potentialAction\":[{\"@type\":\"ReadAction\",\"target\":[\"http:\/\/guinet-osteopathe.fr\/index.php\/quest-ce-que-losteopathie\/\"]}]},{\"@type\":\"BreadcrumbList\",\"@id\":\"http:\/\/guinet-osteopathe.fr\/index.php\/quest-ce-que-losteopathie\/#breadcrumb\",\"itemListElement\":[{\"@type\":\"ListItem\",\"position\":1,\"name\":\"Accueil\",\"item\":\"https:\/\/guinet-osteopathe.fr\/\"},{\"@type\":\"ListItem\",\"position\":2,\"name\":\"Qu&#8217;est ce que l&#8217;Ost\u00e9opathie ?\"}]},{\"@type\":\"WebSite\",\"@id\":\"https:\/\/guinet-osteopathe.fr\/#website\",\"url\":\"https:\/\/guinet-osteopathe.fr\/\",\"name\":\"Caroline Guinet\",\"description\":\"Cabinet d&#039;Ost&eacute;opathie\",\"potentialAction\":[{\"@type\":\"SearchAction\",\"target\":{\"@type\":\"EntryPoint\",\"urlTemplate\":\"https:\/\/guinet-osteopathe.fr\/?s={search_term_string}\"},\"query-input\":\"required name=search_term_string\"}],\"inLanguage\":\"en-US\"}]}<\/script>\n<!-- \/ Yoast SEO plugin. -->","yoast_head_json":{"title":"Qu'est ce que l'Ost\u00e9opathie ? - Caroline Guinet","robots":{"index":"index","follow":"follow","max-snippet":"max-snippet:-1","max-image-preview":"max-image-preview:large","max-video-preview":"max-video-preview:-1"},"canonical":"http:\/\/guinet-osteopathe.fr\/index.php\/quest-ce-que-losteopathie\/","og_locale":"en_US","og_type":"article","og_title":"Qu'est ce que l'Ost\u00e9opathie ? - Caroline Guinet","og_description":"Toute perte de mobilit\u00e9 des articulations, des muscles, des ligaments ou des visc\u00e8res peut provoquer un d\u00e9s\u00e9quilibre de l'\u00e9tat de sant\u00e9. L'ost\u00e9opathie est une m\u00e9thode de soins qui s'emploie \u00e0 d\u00e9terminer et \u00e0 traiter les restrictions de mobilit\u00e9 qui peuvent affecter l'ensemble des structures composant le corps humain. Elle est fond\u00e9e sur la capacit\u00e9 du [&hellip;]","og_url":"http:\/\/guinet-osteopathe.fr\/index.php\/quest-ce-que-losteopathie\/","og_site_name":"Caroline Guinet","article_modified_time":"2015-09-11T12:09:53+00:00","twitter_card":"summary_large_image","schema":{"@context":"https:\/\/schema.org","@graph":[{"@type":"WebPage","@id":"http:\/\/guinet-osteopathe.fr\/index.php\/quest-ce-que-losteopathie\/","url":"http:\/\/guinet-osteopathe.fr\/index.php\/quest-ce-que-losteopathie\/","name":"Qu'est ce que l'Ost\u00e9opathie ? - Caroline Guinet","isPartOf":{"@id":"https:\/\/guinet-osteopathe.fr\/#website"},"datePublished":"2015-09-09T21:25:24+00:00","dateModified":"2015-09-11T12:09:53+00:00","breadcrumb":{"@id":"http:\/\/guinet-osteopathe.fr\/index.php\/quest-ce-que-losteopathie\/#breadcrumb"},"inLanguage":"en-US","potentialAction":[{"@type":"ReadAction","target":["http:\/\/guinet-osteopathe.fr\/index.php\/quest-ce-que-losteopathie\/"]}]},{"@type":"BreadcrumbList","@id":"http:\/\/guinet-osteopathe.fr\/index.php\/quest-ce-que-losteopathie\/#breadcrumb","itemListElement":[{"@type":"ListItem","position":1,"name":"Accueil","item":"https:\/\/guinet-osteopathe.fr\/"},{"@type":"ListItem","position":2,"name":"Qu&#8217;est ce que l&#8217;Ost\u00e9opathie ?"}]},{"@type":"WebSite","@id":"https:\/\/guinet-osteopathe.fr\/#website","url":"https:\/\/guinet-osteopathe.fr\/","name":"Caroline Guinet","description":"Cabinet d&#039;Ost&eacute;opathie","potentialAction":[{"@type":"SearchAction","target":{"@type":"EntryPoint","urlTemplate":"https:\/\/guinet-osteopathe.fr\/?s={search_term_string}"},"query-input":"required name=search_term_string"}],"inLanguage":"en-US"}]}},"_links":{"self":[{"href":"http:\/\/guinet-osteopathe.fr\/index.php\/wp-json\/wp\/v2\/pages\/92"}],"collection":[{"href":"http:\/\/guinet-osteopathe.fr\/index.php\/wp-json\/wp\/v2\/pages"}],"about":[{"href":"http:\/\/guinet-osteopathe.fr\/index.php\/wp-json\/wp\/v2\/types\/page"}],"author":[{"embeddable":true,"href":"http:\/\/guinet-osteopathe.fr\/index.php\/wp-json\/wp\/v2\/users\/1"}],"replies":[{"embeddable":true,"href":"http:\/\/guinet-osteopathe.fr\/index.php\/wp-json\/wp\/v2\/comments?post=92"}],"version-history":[{"count":4,"href":"http:\/\/guinet-osteopathe.fr\/index.php\/wp-json\/wp\/v2\/pages\/92\/revisions"}],"predecessor-version":[{"id":119,"href":"http:\/\/guinet-osteopathe.fr\/index.php\/wp-json\/wp\/v2\/pages\/92\/revisions\/119"}],"wp:attachment":[{"href":"http:\/\/guinet-osteopathe.fr\/index.php\/wp-json\/wp\/v2\/media?parent=92"}],"curies":[{"name":"wp","href":"https:\/\/api.w.org\/{rel}","templated":true}]}}